{"id":21,"date":"2016-06-03T11:26:25","date_gmt":"2016-06-03T11:26:25","guid":{"rendered":"http:\/\/nova.titk.no\/?page_id=21"},"modified":"2019-02-21T09:44:56","modified_gmt":"2019-02-21T08:44:56","slug":"home-page-1-2","status":"publish","type":"page","link":"https:\/\/nova.titk.no\/","title":{"rendered":"Hjem"},"content":{"rendered":"<p>[vc_row full_width=&raquo;stretch_row&raquo; css=&raquo;.vc_custom_1464960365705{border-bottom-width: 1px !important;background-color: rgba(238,240,241,0.6) !important;*background-color: rgb(238,240,241) !important;border-bottom-color: #eaebeb !important;border-bottom-style: solid !important;}&raquo;][vc_column css=&raquo;.vc_custom_1464960233685{padding-top: 0.9em !important;padding-bottom: 1em !important;}&raquo;]<div class=\"sc_section margin_top_huge margin_bottom_medium\"><div class=\"sc_section_inner\"><h2 class=\"sc_section_title sc_item_title\">V\u00e5r spesialitet er flyforsikringer<\/h2><h5 class=\"sc_section_subtitle sc_item_subtitle\">Vi er Nordens eneste forsikringsmegler med flyforsikring som spesialitet.<\/h5><div class=\"sc_section_content_wrap\"><div id=\"sc_services_1063032769_wrap\" class=\"sc_services_wrap\"><div id=\"sc_services_1063032769\" class=\"sc_services sc_services_style_services-1 sc_services_type_images \" style=\"width:100%;\"><div class=\"sc_slider_swiper swiper-slider-container sc_slider_pagination sc_slider_pagination_bottom sc_slider_controls\" data-interval=\"7169\" data-slides-per-view=\"4\" data-slides-space=\"20\" data-slides-min-width=\"250\"><div class=\"slides swiper-wrapper\"><div class=\"swiper-slide\" data-style=\"width:100%;\" style=\"width:100%;\"><div class=\"sc_services_item_wrap\">\t\t\t<div id=\"sc_services_1063032769_1\"\t\t\t\tclass=\"sc_services_item sc_services_item_1 odd first\"\n\t\t\t\t>\n\t\t\t\t\t\t\t\t\t<div class=\"sc_services_item_featured post_featured\">\n\t\t\t\t\t\t\t<div class=\"post_thumb\" data-image=\"https:\/\/nova.titk.no\/wp-content\/uploads\/2019\/02\/Pilatus-pc-12-snow-1.jpg\" data-title=\"Pilatus PC\">\n\t<a class=\"hover_icon hover_icon_link\" href=\"https:\/\/nova.titk.no\/?services=pilatus-pc\"><img class=\"wp-post-image\" width=\"370\" height=\"270\" alt=\"Pilatus PC\" src=\"https:\/\/nova.titk.no\/wp-content\/uploads\/2019\/02\/Pilatus-pc-12-snow-1-370x270.jpg\"><\/a>\t<\/div>\n\t\t\t\t\t\t<\/div>\n\t\t\t\t\t\t\t\t\t<div class=\"sc_services_item_content\">\n\t\t\t\t\t<h4 class=\"sc_services_item_title\"><a href=\"https:\/\/nova.titk.no\/?services=pilatus-pc\">Pilatus PC<\/a><\/h4>\t\t\t\t<\/div>\n\t\t\t<\/div>\n\t\t<\/div><\/div><div class=\"swiper-slide\" data-style=\"width:100%;\" style=\"width:100%;\"><div class=\"sc_services_item_wrap\">\t\t\t<div id=\"sc_services_1063032769_2\"\t\t\t\tclass=\"sc_services_item sc_services_item_2 even\"\n\t\t\t\t>\n\t\t\t\t\t\t\t\t\t<div class=\"sc_services_item_featured post_featured\">\n\t\t\t\t\t\t\t<div class=\"post_thumb\" data-image=\"https:\/\/nova.titk.no\/wp-content\/uploads\/2019\/02\/800px-Dassault_falcon900ex_n900bz_arp-2.jpg\" data-title=\"Cargo\">\n\t<a class=\"hover_icon hover_icon_link\" href=\"https:\/\/nova.titk.no\/?services=cargo\"><img class=\"wp-post-image\" width=\"370\" height=\"270\" alt=\"Cargo\" src=\"https:\/\/nova.titk.no\/wp-content\/uploads\/2019\/02\/800px-Dassault_falcon900ex_n900bz_arp-2-370x270.jpg\"><\/a>\t<\/div>\n\t\t\t\t\t\t<\/div>\n\t\t\t\t\t\t\t\t\t<div class=\"sc_services_item_content\">\n\t\t\t\t\t<h4 class=\"sc_services_item_title\"><a href=\"https:\/\/nova.titk.no\/?services=cargo\">Cargo<\/a><\/h4>\t\t\t\t<\/div>\n\t\t\t<\/div>\n\t\t<\/div><\/div><div class=\"swiper-slide\" data-style=\"width:100%;\" style=\"width:100%;\"><div class=\"sc_services_item_wrap\">\t\t\t<div id=\"sc_services_1063032769_3\"\t\t\t\tclass=\"sc_services_item sc_services_item_3 odd\"\n\t\t\t\t>\n\t\t\t\t\t\t\t\t\t<div class=\"sc_services_item_featured post_featured\">\n\t\t\t\t\t\t\t<div class=\"post_thumb\" data-image=\"https:\/\/nova.titk.no\/wp-content\/uploads\/2019\/02\/cessna-mustang-1.jpg\" data-title=\"Sm\u00e5fly\">\n\t<a class=\"hover_icon hover_icon_link\" href=\"https:\/\/nova.titk.no\/?services=stor-tilgjengelighet\"><img class=\"wp-post-image\" width=\"370\" height=\"270\" alt=\"Sm\u00e5fly\" src=\"https:\/\/nova.titk.no\/wp-content\/uploads\/2019\/02\/cessna-mustang-1-370x270.jpg\"><\/a>\t<\/div>\n\t\t\t\t\t\t<\/div>\n\t\t\t\t\t\t\t\t\t<div class=\"sc_services_item_content\">\n\t\t\t\t\t<h4 class=\"sc_services_item_title\"><a href=\"https:\/\/nova.titk.no\/?services=stor-tilgjengelighet\">Sm\u00e5fly<\/a><\/h4>\t\t\t\t<\/div>\n\t\t\t<\/div>\n\t\t<\/div><\/div><div class=\"swiper-slide\" data-style=\"width:100%;\" style=\"width:100%;\"><div class=\"sc_services_item_wrap\">\t\t\t<div id=\"sc_services_1063032769_4\"\t\t\t\tclass=\"sc_services_item sc_services_item_4 even\"\n\t\t\t\t>\n\t\t\t\t\t\t\t\t\t<div class=\"sc_services_item_featured post_featured\">\n\t\t\t\t\t\t\t<div class=\"post_thumb\" data-image=\"https:\/\/nova.titk.no\/wp-content\/uploads\/2019\/02\/EC-IKR-1.jpg\" data-title=\"Helikopter\">\n\t<a class=\"hover_icon hover_icon_link\" href=\"https:\/\/nova.titk.no\/?services=hoy-servicegrad\"><img class=\"wp-post-image\" width=\"370\" height=\"270\" alt=\"Helikopter\" src=\"https:\/\/nova.titk.no\/wp-content\/uploads\/2019\/02\/EC-IKR-1-370x270.jpg\"><\/a>\t<\/div>\n\t\t\t\t\t\t<\/div>\n\t\t\t\t\t\t\t\t\t<div class=\"sc_services_item_content\">\n\t\t\t\t\t<h4 class=\"sc_services_item_title\"><a href=\"https:\/\/nova.titk.no\/?services=hoy-servicegrad\">Helikopter<\/a><\/h4>\t\t\t\t<\/div>\n\t\t\t<\/div>\n\t\t<\/div><\/div><\/div><div class=\"sc_slider_controls_wrap\"><a class=\"sc_slider_prev\" href=\"#\"><\/a><div class=\"sc_slider_pagination_wrap\"><\/div><a class=\"sc_slider_next\" href=\"#\"><\/a><\/div><\/div><\/div><!-- \/.sc_services --><\/div><!-- \/.sc_services_wrap --><\/div><\/div><\/div>[\/vc_column][\/vc_row][vc_row][vc_column][vc_cta h2=&raquo;Vi samarbeider med JLT Specialty LTD ved st\u00f8rre risiko&raquo; txt_align=&raquo;center&raquo; css=&raquo;.vc_custom_1550738692883{margin-bottom: -40px !important;background-color: #ffffff !important;}&raquo;]<\/p>\n<p style=\"text-align: center;\"><img loading=\"lazy\" class=\"alignnone wp-image-106\" src=\"http:\/\/nova.titk.no\/wp-content\/uploads\/2019\/02\/1280px-Jardine_Lloyd_Thompson_logo.svg_-1-300x115.png\" alt=\"\" width=\"200\" height=\"77\" srcset=\"https:\/\/nova.titk.no\/wp-content\/uploads\/2019\/02\/1280px-Jardine_Lloyd_Thompson_logo.svg_-1-300x115.png 300w, https:\/\/nova.titk.no\/wp-content\/uploads\/2019\/02\/1280px-Jardine_Lloyd_Thompson_logo.svg_-1-768x294.png 768w, https:\/\/nova.titk.no\/wp-content\/uploads\/2019\/02\/1280px-Jardine_Lloyd_Thompson_logo.svg_-1-1024x392.png 1024w, https:\/\/nova.titk.no\/wp-content\/uploads\/2019\/02\/1280px-Jardine_Lloyd_Thompson_logo.svg_-1.png 1280w\" sizes=\"(max-width: 200px) 100vw, 200px\" \/><\/p>\n<p>[\/vc_cta][\/vc_column][\/vc_row][vc_row full_width=&raquo;stretch_row&raquo; css=&raquo;.vc_custom_1465044692855{border-bottom-width: 1px !important;background-color: #f5f6f7 !important;border-bottom-color: #e7e8e9 !important;border-bottom-style: solid !important;}&raquo;][vc_column css=&raquo;.vc_custom_1465044979503{padding-top: 1em !important;}&raquo;]<div id=\"sc_section_1051651639\" class=\"sc_section margin_top_medium\" style=\"background-image:url(https:\/\/nova.titk.no\/wp-content\/uploads\/2019\/02\/nyeste-mann-med-fly.png);background-repeat:no-repeat;background-size:cover;height:800px;\"><div class=\"sc_section_inner\"><div class=\"sc_section_overlay\" style=\"\"><div class=\"sc_section_content padding_on\" style=\"height:800px;\"><div id=\"sc_section_1051651639_scroll\" class=\"sc_scroll sc_scroll_vertical swiper-slider-container scroll-container\" style=\"height:800px;\"><div class=\"sc_scroll_wrapper swiper-wrapper\"><div class=\"sc_scroll_slide swiper-slide\"><h2 class=\"sc_section_title sc_item_title\">Hvorfor skal du velge oss?<\/h2><h5 class=\"sc_section_subtitle sc_item_subtitle\">Her ser du noen grunner til at du skal velge Nova Consult<\/h5><div class=\"sc_section_content_wrap\">[vc_row_inner][vc_column_inner width=&raquo;1\/4&#8243;][vc_column_text]<\/p>\n<h4>De beste samarbeidspartnerene<\/h4>\n<p>Vi innhenter tilbud fra de beste forsikringsgivere i Europa. For st\u00f8rre risiko har vi en samarbeidsavtale med JLT Specialty Ltd.[\/vc_column_text][\/vc_column_inner][vc_column_inner width=&raquo;1\/4&#8243;][\/vc_column_inner][vc_column_inner width=&raquo;1\/4&#8243;][\/vc_column_inner][vc_column_inner width=&raquo;1\/4&#8243;][vc_column_text]<\/p>\n<h4>H\u00f8y servicegrad<\/h4>\n<p>Hos oss er du som kunde alltid i de beste hender. Vi ivaretar deg og avtalen din p\u00e5 beste mulige m\u00e5te. Du vil alltid v\u00e6re tilfreds og f\u00f8le deg trygg hos oss.[\/vc_column_text][\/vc_column_inner][\/vc_row_inner][vc_row_inner][vc_column_inner width=&raquo;1\/4&#8243;][vc_column_text]<\/p>\n<h4>Konkurransedyktige priser<\/h4>\n<p>her trenger jeg en tekst fra Nova Consult. Har de konkurransedyktige priser eller bruker vi dettepunktet til noe annet? Lorem ipsum dolor si[\/vc_column_text][\/vc_column_inner][vc_column_inner width=&raquo;1\/4&#8243;][\/vc_column_inner][vc_column_inner width=&raquo;1\/4&#8243;][\/vc_column_inner][vc_column_inner width=&raquo;1\/4&#8243;][vc_column_text]<\/p>\n<h4>Stor tilgjengelighet<\/h4>\n<p>Du kan ringe oss eller n\u00e5 oss via kontaktskjema og mail n\u00e5r du m\u00e5tte \u00f8nske dette. Vi vil alltid gj\u00f8re v\u00e5rt ytterste for \u00e5 v\u00e6re tilgjengelig for deg som kunde.[\/vc_column_text][\/vc_column_inner][\/vc_row_inner]<\/div><\/div><\/div><div id=\"sc_section_1051651639_scroll_bar\" class=\"sc_scroll_bar sc_scroll_bar_vertical sc_section_1051651639_scroll_bar\"><\/div><\/div><\/div><\/div><\/div><\/div>[\/vc_column][\/vc_row][vc_row full_width=&raquo;stretch_row&raquo; inverse=&raquo;yes&raquo; css=&raquo;.vc_custom_1465211660483{background-color: #213b7a !important;}&raquo;][vc_column width=&raquo;1\/6&#8243;][\/vc_column][vc_column width=&raquo;2\/3&#8243; css=&raquo;.vc_custom_1465213266058{padding-top: 1em !important;padding-bottom: 1.5em !important;}&raquo;]<div class=\"sc_section margin_top_huge margin_bottom_huge\"><div class=\"sc_section_inner\"><h2 class=\"sc_section_title sc_item_title\">F\u00e5 et tilbud av oss i dag!<\/h2><div class=\"sc_section_content_wrap\"><div  id=\"sc_form_1413435009_wrap\" class=\"sc_form_wrap\"><div  id=\"sc_form_1413435009\" class=\"sc_form sc_form_style_form_custom margin_top_large\">\t\t<form  id=\"sc_form_1413435009_form\"\t\t\tclass=\"sc_input_hover_default\"\n\t\t\tdata-formtype=\"form_custom\" \n\t\t\tmethod=\"post\" \n\t\t\taction=\"https:\/\/nova.titk.no\/wp-admin\/admin-ajax.php\">\n\t\t\t<div class=\"columns_wrap sc_columns columns_nofluid sc_columns_count_2\"><div class=\"column-1_2 sc_column_item sc_column_item_1 odd first\"><div class=\"sc_form_item sc_form_item_text sc_form_field label_top\"><input type=\"text\" id=\"sc_form_1413435009_1\" name=\"name\" placeholder=\"Navn\"><\/div><div class=\"sc_form_item sc_form_item_text sc_form_field label_top\"><input type=\"text\" id=\"sc_form_1413435009_2\" name=\"phone\" placeholder=\"Telefonnummer\"><\/div><\/div><div class=\"column-1_2 sc_column_item sc_column_item_2 even\"><div class=\"sc_form_item sc_form_item_select sc_form_field label_top\"><div class=\"sc_form_select_container\"><select id=\"sc_form_1413435009_3\" name=\"select\"><option value=\"default\">Velg forsikringsprodukt<\/option><option value=\"sm\u00e5fly\">Sm\u00e5fly<\/option><option value=\"helikopter\">Helikopter<\/option><option value=\"bizjet\">Biz-jet<\/option><option value=\"commuter\">Commuter<\/option><option value=\"cargo\">Cargo<\/option><option value=\"pilatuspc\">Pilatus PC<\/option><\/select><\/div><\/div><div class=\"sc_form_item sc_form_item_text sc_form_field label_over\"><input type=\"text\" id=\"sc_form_1413435009_4\" name=\"zip\" placeholder=\"Postnummer\"><\/div><\/div><\/div><div class=\"sc_form_item sc_form_item_button sc_form_button label_top\"><button id=\"sc_form_1413435009_5\">F\u00e5 et tilbud<\/button><\/div>\t\t\t<div class=\"result sc_infobox\"><\/div>\n\t\t<\/form>\n\t\t<\/div><\/div><\/div><\/div><\/div>[\/vc_column][\/vc_row]<\/p>\n","protected":false},"excerpt":{"rendered":"<p>[vc_row full_width=&raquo;stretch_row&raquo; css=&raquo;.vc_custom_1464960365705{border-bottom-width: 1px !important;background-color: rgba(238,240,241,0.6) !important;*background-color: rgb(238,240,241) !important;border-bottom-color: #eaebeb !important;border-bottom-style: solid !important;}&raquo;][vc_column css=&raquo;.vc_custom_1464960233685{padding-top: 0.9em !important;padding-bottom: 1em !important;}&raquo;][\/vc_column][\/vc_row][vc_row][vc_column][vc_cta h2=&raquo;Vi samarbeider med JLT Specialty LTD ved st\u00f8rre risiko&raquo; txt_align=&raquo;center&raquo; css=&raquo;.vc_custom_1550738692883{margin-bottom: -40px !important;background-color: #ffffff !important;}&raquo;][\/vc_cta][\/vc_column][\/vc_row][vc_row full_width=&raquo;stretch_row&raquo; css=&raquo;.vc_custom_1465044692855{border-bottom-width: 1px !important;background-color: #f5f6f7 !important;border-bottom-color: #e7e8e9 !important;border-bottom-style: solid !important;}&raquo;][vc_column css=&raquo;.vc_custom_1465044979503{padding-top: 1em !important;}&raquo;][\/vc_column][\/vc_row][vc_row full_width=&raquo;stretch_row&raquo; inverse=&raquo;yes&raquo; css=&raquo;.vc_custom_1465211660483{background-color: #213b7a !important;}&raquo;][vc_column width=&raquo;1\/6&#8243;][\/vc_column][vc_column width=&raquo;2\/3&#8243; css=&raquo;.vc_custom_1465213266058{padding-top: [&hellip;]<\/p>\n","protected":false},"author":1,"featured_media":0,"parent":0,"menu_order":0,"comment_status":"closed","ping_status":"closed","template":"","meta":[],"_links":{"self":[{"href":"https:\/\/nova.titk.no\/index.php?rest_route=\/wp\/v2\/pages\/21"}],"collection":[{"href":"https:\/\/nova.titk.no\/index.php?rest_route=\/wp\/v2\/pages"}],"about":[{"href":"https:\/\/nova.titk.no\/index.php?rest_route=\/wp\/v2\/types\/page"}],"author":[{"embeddable":true,"href":"https:\/\/nova.titk.no\/index.php?rest_route=\/wp\/v2\/users\/1"}],"replies":[{"embeddable":true,"href":"https:\/\/nova.titk.no\/index.php?rest_route=%2Fwp%2Fv2%2Fcomments&post=21"}],"version-history":[{"count":29,"href":"https:\/\/nova.titk.no\/index.php?rest_route=\/wp\/v2\/pages\/21\/revisions"}],"predecessor-version":[{"id":190,"href":"https:\/\/nova.titk.no\/index.php?rest_route=\/wp\/v2\/pages\/21\/revisions\/190"}],"wp:attachment":[{"href":"https:\/\/nova.titk.no\/index.php?rest_route=%2Fwp%2Fv2%2Fmedia&parent=21"}],"curies":[{"name":"wp","href":"https:\/\/api.w.org\/{rel}","templated":true}]}}