{"id":35,"date":"2019-02-19T10:04:55","date_gmt":"2019-02-19T09:04:55","guid":{"rendered":"http:\/\/nova.titk.no\/?page_id=35"},"modified":"2019-02-20T11:08:24","modified_gmt":"2019-02-20T10:08:24","slug":"soknadsskjemaer","status":"publish","type":"page","link":"https:\/\/nova.titk.no\/?page_id=35","title":{"rendered":"Forsikringsvilk\u00e5r"},"content":{"rendered":"\n<p>Her finner du relevante forsikringsvilk\u00e5r. Du kan lese dem p\u00e5 nettet eller fylle ut skjemaet nedenunder for \u00e5 laste ned flere PDF-er.<\/p>\n\n\n\n<p>PDF nr 1<\/p>\n\n\n\n<p>PDF nr 2<\/p>\n\n\n\n<p>PDF nr 3<\/p>\n","protected":false},"excerpt":{"rendered":"<p>Her finner du relevante forsikringsvilk\u00e5r. Du kan lese dem p\u00e5 nettet eller fylle ut skjemaet nedenunder for \u00e5 laste ned flere PDF-er. PDF nr 1 PDF nr 2 PDF nr 3<\/p>\n","protected":false},"author":2,"featured_media":0,"parent":0,"menu_order":0,"comment_status":"closed","ping_status":"closed","template":"","meta":[],"_links":{"self":[{"href":"https:\/\/nova.titk.no\/index.php?rest_route=\/wp\/v2\/pages\/35"}],"collection":[{"href":"https:\/\/nova.titk.no\/index.php?rest_route=\/wp\/v2\/pages"}],"about":[{"href":"https:\/\/nova.titk.no\/index.php?rest_route=\/wp\/v2\/types\/page"}],"author":[{"embeddable":true,"href":"https:\/\/nova.titk.no\/index.php?rest_route=\/wp\/v2\/users\/2"}],"replies":[{"embeddable":true,"href":"https:\/\/nova.titk.no\/index.php?rest_route=%2Fwp%2Fv2%2Fcomments&post=35"}],"version-history":[{"count":4,"href":"https:\/\/nova.titk.no\/index.php?rest_route=\/wp\/v2\/pages\/35\/revisions"}],"predecessor-version":[{"id":174,"href":"https:\/\/nova.titk.no\/index.php?rest_route=\/wp\/v2\/pages\/35\/revisions\/174"}],"wp:attachment":[{"href":"https:\/\/nova.titk.no\/index.php?rest_route=%2Fwp%2Fv2%2Fmedia&parent=35"}],"curies":[{"name":"wp","href":"https:\/\/api.w.org\/{rel}","templated":true}]}}