{"id":37,"date":"2019-02-19T10:05:24","date_gmt":"2019-02-19T09:05:24","guid":{"rendered":"http:\/\/nova.titk.no\/?page_id=37"},"modified":"2019-02-20T11:05:46","modified_gmt":"2019-02-20T10:05:46","slug":"om-oss","status":"publish","type":"page","link":"https:\/\/nova.titk.no\/?page_id=37","title":{"rendered":"Om oss"},"content":{"rendered":"<p>[vc_row][vc_column][vc_column_text]<\/p>\n<p>[vc_row][vc_column width=&raquo;1\/1&#8243;][vc_column_text]<\/p>\n\n\n<h3>Vi samarbeider med de beste i bransjen<\/h3>\n\n\n<p>Nordens eneste forsikringsmegler med flyforsikring som spesialitet. Mer enn 30 \u00e5r som stabil leverand\u00f8r av aviation relaterte forsikringer innen GA segmentet, helikopter, biz-jet og fixed wing opp til 100 seter.<\/p>\n<p>Vi innhenter tilbud fra de beste forsikringsgivere i Europa. For st\u00f8rre risiko har vi en samarbeidsavtale med JLT Specialty Ltd.<\/p>\n<p><span class=\"tlid-translation translation\"><span class=\"\" title=\"\">JLT er en global organisasjon av spesialister og en av verdens ledende leverand\u00f8rer av forsikrings-, gjenforsikrings- og ansettelsesrelatert r\u00e5dgivning, megling og tilknyttede tjenester.<\/span> <\/span><\/p>\n<p><span class=\"tlid-translation translation\">JLT er ogs\u00e5\u00a0 ledende megler i det internasjonale GA markedet som best\u00e5r av sm\u00e5fly, helikopter, biz-jets og commuter under 100 seter, samt cargomaskiner.<\/span><\/p>\n<p><span class=\"\" title=\"\">V\u00e5r globale koordinerte tiln\u00e6rming gj\u00f8r det mulig for oss \u00e5 dele kunnskap, l\u00f8se problemer og levere de beste l\u00f8sningene for v\u00e5re kunder.<\/span><\/p>\n<p>Sammen er vi en av de st\u00f8rste akt\u00f8rer i det nordiske GA markedet.<\/p>\n<p>\u00a0<\/p>\n<p>\u00a0<\/p>\n<p><!-- \/wp:paragraph --><img loading=\"lazy\" class=\"alignnone size-medium wp-image-106\" src=\"http:\/\/nova.titk.no\/wp-content\/uploads\/2019\/02\/1280px-Jardine_Lloyd_Thompson_logo.svg_-1-300x115.png\" alt=\"\" width=\"300\" height=\"115\" srcset=\"https:\/\/nova.titk.no\/wp-content\/uploads\/2019\/02\/1280px-Jardine_Lloyd_Thompson_logo.svg_-1-300x115.png 300w, https:\/\/nova.titk.no\/wp-content\/uploads\/2019\/02\/1280px-Jardine_Lloyd_Thompson_logo.svg_-1-768x294.png 768w, https:\/\/nova.titk.no\/wp-content\/uploads\/2019\/02\/1280px-Jardine_Lloyd_Thompson_logo.svg_-1-1024x392.png 1024w, https:\/\/nova.titk.no\/wp-content\/uploads\/2019\/02\/1280px-Jardine_Lloyd_Thompson_logo.svg_-1.png 1280w\" sizes=\"(max-width: 300px) 100vw, 300px\" \/><\/p>\n<p>[\/vc_column_text][\/vc_column][\/vc_row]<\/p>","protected":false},"excerpt":{"rendered":"<p>[vc_row][vc_column][vc_column_text][vc_row][vc_column width=&raquo;1\/1&#8243;][vc_column_text] Vi samarbeider med de beste i bransjen Nordens eneste forsikringsmegler med flyforsikring som spesialitet. Mer enn 30 \u00e5r som stabil leverand\u00f8r av aviation relaterte forsikringer innen GA segmentet, helikopter, biz-jet og fixed wing opp til 100 seter. Vi innhenter tilbud fra de beste forsikringsgivere i Europa. For st\u00f8rre risiko har vi en [&hellip;]<\/p>\n","protected":false},"author":2,"featured_media":0,"parent":0,"menu_order":0,"comment_status":"closed","ping_status":"closed","template":"","meta":[],"_links":{"self":[{"href":"https:\/\/nova.titk.no\/index.php?rest_route=\/wp\/v2\/pages\/37"}],"collection":[{"href":"https:\/\/nova.titk.no\/index.php?rest_route=\/wp\/v2\/pages"}],"about":[{"href":"https:\/\/nova.titk.no\/index.php?rest_route=\/wp\/v2\/types\/page"}],"author":[{"embeddable":true,"href":"https:\/\/nova.titk.no\/index.php?rest_route=\/wp\/v2\/users\/2"}],"replies":[{"embeddable":true,"href":"https:\/\/nova.titk.no\/index.php?rest_route=%2Fwp%2Fv2%2Fcomments&post=37"}],"version-history":[{"count":10,"href":"https:\/\/nova.titk.no\/index.php?rest_route=\/wp\/v2\/pages\/37\/revisions"}],"predecessor-version":[{"id":171,"href":"https:\/\/nova.titk.no\/index.php?rest_route=\/wp\/v2\/pages\/37\/revisions\/171"}],"wp:attachment":[{"href":"https:\/\/nova.titk.no\/index.php?rest_route=%2Fwp%2Fv2%2Fmedia&parent=37"}],"curies":[{"name":"wp","href":"https:\/\/api.w.org\/{rel}","templated":true}]}}