{"id":75,"date":"2019-02-19T11:24:52","date_gmt":"2019-02-19T10:24:52","guid":{"rendered":"http:\/\/nova.titk.no\/?page_id=75"},"modified":"2019-02-20T10:45:35","modified_gmt":"2019-02-20T09:45:35","slug":"ansvar","status":"publish","type":"page","link":"https:\/\/nova.titk.no\/?page_id=75","title":{"rendered":"Ansvar"},"content":{"rendered":"\n<h2>Motorfly forsikring<\/h2>\n\n\n\n<p>Hos Nova Consult tilbyr vi\u00a0<strong>fixed wing fly forsikring<\/strong>\u00a0og\u00a0<strong>motorfly forsikring<\/strong>\u00a0til alle fly som har en Maximum Take Off Weight MTOW p\u00e5 opp til 12 tonn og opp til 30 passasjerer.<\/p>\n\n\n\n<p>For \u00e5 kunne tilby deg en skreddersydd dekning p\u00e5 din\u00a0<strong>fixed wing fly forsikring<\/strong>\u00a0eller\u00a0<strong>motorfly forsikring\u00a0<\/strong>trenger vi \u00e5 vite alt om flymodellen. Vi m\u00e5 vite n\u00f8yaktig hva du benytter flyet ditt til. Om du flyr privat eller i bedriftssammenheng og i hvilke geografiske omr\u00e5der du flyr. Din erfaring som pilot, flyets Maximum Take Off Weight og flere andre opplysninger.\u00a0<em>Fyll ut skjemaet og motta et tilbud p\u00e5 motorfly forsikring innen 24 timer.<\/em><\/p>\n\n\n\n<h2>Individuell flyforsikring rettet mot ditt behov<\/h2>\n\n\n\n<p>Din\u00a0<strong>fixed wing fly forsikring\u00a0<\/strong>eller\u00a0<strong>motorfly forsikring<\/strong>\u00a0skal matche behovene dine n\u00f8yaktig, enten du er kommersiell pilot eller privat bruker. Din\u00a0<strong>fixed wing fly forsikiring\u00a0<\/strong>eller\u00a0<strong>motorfly forsikring\u00a0<\/strong>dekker bruk i Norden og i det \u00f8vrige Europa. For st\u00f8rre fly kan dekning utvides til \u00e5 gjelde world wide. Det er mulig \u00e5 forsikre fixed wing fly og motorfly i de fleste utenlandske registrene.<\/p>\n\n\n\n<p>Som eier av et fixed wing fly eller motorfly er du ansvarlig for de mulige skader som forvoldes mot tredjepart, ogs\u00e5 n\u00e5r det er snakk om tilfeldige skader. Ansvaret gjelder b\u00e5de skader p\u00e5 personer og ting utenfor flyet, samt skade p\u00e5 passasjerer og ting som transporteres med flyet. Derfor skal&nbsp;<strong>fixed wing fly forsikring&nbsp;<\/strong>eller&nbsp;<strong>motorfly forsikring<\/strong>&nbsp;matche ditt bruksm\u00f8nster og ditt individuelle dekningsbehov ned til minste detalj.<\/p>\n\n\n\n<h2>Optimal dekning f\u00f8r du letter<\/h2>\n\n\n\n<p>Ut ifra dine opplysninger setter vi sammen en skreddersydd&nbsp;<strong>fixed wing fly forsikring&nbsp;<\/strong>eller&nbsp;<strong>motorfly forsikring<\/strong>, der vi tar alle forhold til etterretning. Dersom flyet ditt for eksempel er i opplag over lengre perioder, tar vi hensyn til dette i utregningen av forsikringspremien. Forutsetningen for \u00e5 f\u00e5 utstedt en&nbsp;<strong>fixed wing fly forsikring&nbsp;<\/strong>eller&nbsp;<strong>motorfly forsikring&nbsp;<\/strong>er at flyet ditt er registrert og typegodkjent. Hvis du skifter til RiskPoint fra et annet forsikringsselskap som gir bonus for skadefri flyvning, ytes det en ekstraordin\u00e6r introrabatt p\u00e5 kaskopremien det f\u00f8rste \u00e5ret.<\/p>\n\n\n\n<p>Vi utarbeider, i tett dialog med deg, en skreddersydd forsikringsavtale som matcher dine forsikringsbehov som eier og pilot. Med optimal&nbsp;<strong>fixed wing flyforsikring<\/strong>&nbsp;eller&nbsp;<strong>motorfly forsikring<\/strong>, kan du overlate alt det praktiske til oss og konsentrere deg om flyturen opp i det bl\u00e5.<\/p>\n","protected":false},"excerpt":{"rendered":"<p>Motorfly forsikring Hos Nova Consult tilbyr vi\u00a0fixed wing fly forsikring\u00a0og\u00a0motorfly forsikring\u00a0til alle fly som har en Maximum Take Off Weight MTOW p\u00e5 opp til 12 tonn og opp til 30 passasjerer. For \u00e5 kunne tilby deg en skreddersydd dekning p\u00e5 din\u00a0fixed wing fly forsikring\u00a0eller\u00a0motorfly forsikring\u00a0trenger vi \u00e5 vite alt om flymodellen. Vi m\u00e5 vite n\u00f8yaktig [&hellip;]<\/p>\n","protected":false},"author":2,"featured_media":0,"parent":0,"menu_order":0,"comment_status":"closed","ping_status":"closed","template":"","meta":[],"_links":{"self":[{"href":"https:\/\/nova.titk.no\/index.php?rest_route=\/wp\/v2\/pages\/75"}],"collection":[{"href":"https:\/\/nova.titk.no\/index.php?rest_route=\/wp\/v2\/pages"}],"about":[{"href":"https:\/\/nova.titk.no\/index.php?rest_route=\/wp\/v2\/types\/page"}],"author":[{"embeddable":true,"href":"https:\/\/nova.titk.no\/index.php?rest_route=\/wp\/v2\/users\/2"}],"replies":[{"embeddable":true,"href":"https:\/\/nova.titk.no\/index.php?rest_route=%2Fwp%2Fv2%2Fcomments&post=75"}],"version-history":[{"count":2,"href":"https:\/\/nova.titk.no\/index.php?rest_route=\/wp\/v2\/pages\/75\/revisions"}],"predecessor-version":[{"id":166,"href":"https:\/\/nova.titk.no\/index.php?rest_route=\/wp\/v2\/pages\/75\/revisions\/166"}],"wp:attachment":[{"href":"https:\/\/nova.titk.no\/index.php?rest_route=%2Fwp%2Fv2%2Fmedia&parent=75"}],"curies":[{"name":"wp","href":"https:\/\/api.w.org\/{rel}","templated":true}]}}